{"id":3,"date":"2023-01-25T12:32:10","date_gmt":"2023-01-25T12:32:10","guid":{"rendered":"https:\/\/fm.tradetcgcards.com\/?page_id=3"},"modified":"2023-05-11T12:01:30","modified_gmt":"2023-05-11T12:01:30","slug":"privacy-policy","status":"publish","type":"page","link":"https:\/\/fm.tradetcgcards.com\/index.php\/privacy-policy\/","title":{"rendered":"Pol\u00edtica de privacidad RGPD"},"content":{"rendered":"\n<p>En esta web nos importan nuestros usuarios y clientes y estamos comprometidos con sus derechos y la defensa de<strong> su privacidad<\/strong>. Esta pol\u00edtica expresa c\u00f3mo tratamos y protegemos la informaci\u00f3n personal de todas las personas que se relacionan con TRADE TCG CARDS a trav\u00e9s de esta web.<\/p>\n\n\n\n<p>De conformidad con lo dispuesto en Reglamento UE 2016\/679, del Parlamento Europeo y del Consejo de 27 de abril de 2016. (RGPD) y la Ley Org\u00e1nica 3\/2018, de 5 de diciembre, de Protecci\u00f3n de Datos Personales y garant\u00eda de los derechos digitales, TRADE TCG CARDS, te informa que, mediante la aceptaci\u00f3n de esta Pol\u00edtica de Privacidad, prestas tu consentimiento informado, expreso, libre e inequ\u00edvoco para que los Datos que proporcionas, sean tratados por TRADE TCG CARDS, como responsable del tratamiento, y sobre los que se aplican las medidas de seguridad, t\u00e9cnicas y organizativas previstas en la normativa vigente.<\/p>\n\n\n\n<h3 class=\"wp-block-heading\"><a><\/a>Advertencias menores de edad<\/h3>\n\n\n\n<p>Si eres menor de 16 a\u00f1os y has accedido a este sitio web sin avisar a sus padres no debes registrarte como usuario.<\/p>\n\n\n\n<p><br>En esta web se respetan y cuidan los datos personales de los usuarios. Como usuario debes saber que tus derechos est\u00e1n garantizados.<\/p>\n\n\n\n<p><br>En el caso de los menores de 16 a\u00f1os se requiere el consentimiento de los padres o tutores para el tratamiento de tus datos personales.<\/p>\n\n\n\n<h2 class=\"wp-block-heading\">Responsable del tratamiento de tus datos personales<\/h2>\n\n\n\n<p>BEGUERRILLA S.L.<\/p>\n\n\n\n<p>&nbsp;CIF\/NIF es:&nbsp; B-54971387<\/p>\n\n\n\n<p>Correo electr\u00f3nico:&nbsp; info@tradetcgcards.com<\/p>\n\n\n\n<p><a><\/a>Domicilio:&nbsp; AVENIDA SEIS DE DICIEMBRE 5, LOCA E, SANT JOAN D\u2019ALACANT, 03550, ALICANTE&nbsp;&nbsp;&nbsp;&nbsp;&nbsp;&nbsp;&nbsp;&nbsp;<\/p>\n\n\n\n<h2 class=\"wp-block-heading\">\u00bfC\u00f3mo obtenemos tus datos?<\/h2>\n\n\n\n<p>TRADE TCG CARDS&nbsp;&nbsp; gestiona la web: tradetcgcards.com dedicada a la Comercializaci\u00f3n de juguetes.<\/p>\n\n\n\n<p>Los datos personales que tratamos en cada una de ellas proceden de nuestros propios usuarios que recogemos mediante:<\/p>\n\n\n\n<ul class=\"wp-block-list\">\n<li>Formulario de contacto<\/li>\n\n\n\n<li>Formulario de registro<\/li>\n\n\n\n<li>Formulario de venta<\/li>\n<\/ul>\n\n\n\n<h2 class=\"wp-block-heading\">Legitimaci\u00f3n para el tratamiento de tus datos<\/h2>\n\n\n\n<p>Para contactar, se requiere el <strong>consentimiento <\/strong>con esta pol\u00edtica de privacidad.<\/p>\n\n\n\n<p>Procesamos tu informaci\u00f3n personal con fines relacionados con actividades de marketing y ventas en base al consentimiento<strong>.<\/strong><\/p>\n\n\n\n<p><br>La base legal para el tratamiento de los datos de las personas que contraten productos o servicios ofrecidos por TRADE TCG CARDS, es la <strong>ejecuci\u00f3n del contrato<\/strong> de venta online.<\/p>\n\n\n\n<p>Cuando as\u00ed se indique en nuestros sitios en el momento en el que se recopile informaci\u00f3n personal de clientes conforme a nuestro&nbsp;<strong>inter\u00e9s leg\u00edtimo<\/strong>&nbsp;para promocionar nuestros productos y servicios.<\/p>\n\n\n\n<h2 class=\"wp-block-heading\">Categor\u00eda de datos que tratamos<\/h2>\n\n\n\n<p><strong>Los datos que se tratan en el servicio de e-commerce son:<\/strong><\/p>\n\n\n\n<p>Entre la informaci\u00f3n personal que TRADE TCG CARDS recopila y procesa se incluye:<\/p>\n\n\n\n<ul class=\"wp-block-list\">\n<li>Nombre y direcci\u00f3n f\u00edsica, direcciones de correo electr\u00f3nico y n\u00fameros de tel\u00e9fono;<\/li>\n\n\n\n<li>Datos transaccionales, como productos y servicios solicitados, datos financieros y m\u00e9todos de pago;<\/li>\n\n\n\n<li>Datos de envi\u00f3: direcci\u00f3n completa<\/li>\n\n\n\n<li>Identificadores \u00fanicos, como el identificador de su dispositivo m\u00f3vil o el identificador de cookies de su explorador;<\/li>\n\n\n\n<li>Direcci\u00f3n ip e informaci\u00f3n derivada de la direcci\u00f3n ip, como la ubicaci\u00f3n geogr\u00e1fica;<\/li>\n\n\n\n<li>Informaci\u00f3n acerca de un dispositivo que utilice, como el explorador, el tipo de dispositivo, el sistema operativo, la presencia o el uso de aplicaciones, la resoluci\u00f3n de la pantalla, y el idioma preferido;<\/li>\n<\/ul>\n\n\n\n<h2 class=\"wp-block-heading\">\u00bfCon qu\u00e9 finalidad tratamos tus datos personales?<\/h2>\n\n\n\n<p><br>En TRADE TCG CARDS, existen diferentes sistemas de captura de informaci\u00f3n personal y tratamos la informaci\u00f3n que nos facilitan las personas interesadas con el siguiente fin por cada sistema de captura (formularios):<\/p>\n\n\n\n<ul class=\"wp-block-list\">\n<li><strong>Formulario de contacto<\/strong>:&nbsp;Solicitamos los siguientes datos personales: Nombre, Email, para responder a los requerimientos de los usuarios de que se pongan en contacto a trav\u00e9s de este medio.<\/li>\n<\/ul>\n\n\n\n<ul class=\"wp-block-list\">\n<li><strong>Formulario de Registro:<\/strong>&nbsp;En este caso, solicitamos los siguientes datos personales: Nombre, Email, para que puedas crear una cuenta en nuestro sistema y dar acceso a sus funcionalidades.<\/li>\n<\/ul>\n\n\n\n<ul class=\"wp-block-list\">\n<li><strong>Formulario de venta:<\/strong> Tambi\u00e9n tratamos datos para gestionar la compra, incluyendo la gesti\u00f3n del pedido, el pago y todas las operaciones relacionadas con la contrataci\u00f3n del servicio o producto elegido. Esto incluye enviar correos electr\u00f3nicos de seguimiento, respuestas, facturas, recibos, etc.<\/li>\n<\/ul>\n\n\n\n<p>Existen otras finalidades por la que tratamos tus datos personales:<\/p>\n\n\n\n<p>Para cumplir nuestras obligaciones legales: Trataremos tus datos para cumplir una obligaci\u00f3n legal que as\u00ed lo requiera, por ejemplo, para responder a un proceso legal o un requerimiento de una autoridad de control competente, como:<\/p>\n\n\n\n<ul class=\"wp-block-list\">\n<li>Proteger los derechos y la seguridad de nuestros Usuarios y terceros, as\u00ed como los nuestros.<\/li>\n\n\n\n<li>Cumplir con los requisitos legales, incluido el cumplimiento de \u00f3rdenes judiciales, solicitudes y otros mecanismos legales apropiados.<\/li>\n\n\n\n<li>Proporcionar informaci\u00f3n a representantes y asesores, incluidos abogados y asesores fiscales para ayudarnos a cumplir con los requisitos legales, fiscales o de seguridad.<\/li>\n\n\n\n<li>Para apoyar y mejorar los servicios que ofrece esta web.<\/li>\n\n\n\n<li>Tambi\u00e9n se recogen otros datos no identificativos que se obtienen mediante algunas cookies que se descargan en el ordenador del usuario cuando navega en esta web que detallo en la pol\u00edtica de cookies.<\/li>\n\n\n\n<li>Para gestionar las redes sociales. Los diferentes dominios asociados a TRADE TCG CARDS, tienen presencia en redes sociales. El tratamiento de los datos que se lleve a cabo de las personas que se hagan seguidoras en las redes sociales de las p\u00e1ginas oficiales de TRADE TCG CARDS, se regir\u00e1 por este apartado, as\u00ed como por aquellas condiciones de uso, pol\u00edticas de privacidad y normativas de acceso que pertenezcan a la red social que proceda en cada caso y aceptadas previamente por el usuario.&nbsp; TRADE TCG CARDS, tratar\u00e1 tus datos con las finalidades de administrar correctamente su presencia en la red social, informando de actividades, productos o servicios, as\u00ed como para cualquier otra finalidad que las normativas de las redes sociales permitan. En ning\u00fan caso utilizaremos los perfiles de seguidores en redes sociales para enviar publicidad de manera individual.<\/li>\n<\/ul>\n\n\n\n<p>TRADE TCG CARDS, no vende, alquila ni cede datos de car\u00e1cter personal que puedan identificar al usuario, ni lo har\u00e1 en el futuro, a terceros sin el consentimiento previo. Sin embargo, en algunos casos se pueden realizar colaboraciones con otros profesionales, en esos casos, se requerir\u00e1 consentimiento a los usuarios informando sobre la identidad del colaborador y la finalidad de la colaboraci\u00f3n. Siempre se realizar\u00e1 con los m\u00e1s estrictos est\u00e1ndares de seguridad.<\/p>\n\n\n\n<h2 class=\"wp-block-heading\">Anuncios y Remarketing<\/h2>\n\n\n\n<p>Utilizamos la informaci\u00f3n de la que disponemos para mejorar nuestros sistemas de publicidad y medici\u00f3n con el fin de mostrarte anuncios relevantes de nuestros servicios.<\/p>\n\n\n\n<p>Utilizamos <strong>Facebook Ads<\/strong>, la plataforma de publicidad de Facebook, que me permite crear campa\u00f1as y anuncios. Al generar un anuncio, se puede segmentar el p\u00fablico por:<\/p>\n\n\n\n<ul class=\"wp-block-list\">\n<li>Lugar.<\/li>\n\n\n\n<li>Datos demogr\u00e1ficos (edad, sexo, etc.).<\/li>\n\n\n\n<li>Intereses (actividades, aficiones, etc.).<\/li>\n\n\n\n<li>Lo que compran en internet y por otros canales.<\/li>\n\n\n\n<li>Etc.<\/li>\n<\/ul>\n\n\n\n<p>Los datos obtenidos a trav\u00e9s de Facebook Ads est\u00e1n sujetos a esta pol\u00edtica de privacidad desde el momento en que el usuario deja sus datos en el formulario de esta web para unirse al bolet\u00edn de suscripciones. En ning\u00fan caso se utilizar\u00e1 la informaci\u00f3n procedente de Facebook con una finalidad diferente.<\/p>\n\n\n\n<p>.<\/p>\n\n\n\n<h2 class=\"wp-block-heading\">\u00bfCu\u00e1les son tus derechos cuando nos facilitas tus datos?<\/h2>\n\n\n\n<p>Cualquier persona tiene derecho a obtener confirmaci\u00f3n sobre si en TRADE TCG CARDS, estamos tratando datos personales que me concierne, o no.<\/p>\n\n\n\n<p><br>Las personas interesadas tienen derecho a:<\/p>\n\n\n\n<ul class=\"wp-block-list\">\n<li>Solicitar el acceso a los datos personales relativos al interesado<\/li>\n\n\n\n<li>Solicitar su rectificaci\u00f3n o supresi\u00f3n<\/li>\n\n\n\n<li>Solicitar su cancelaci\u00f3n<\/li>\n\n\n\n<li>Solicitar la limitaci\u00f3n de su tratamiento<\/li>\n\n\n\n<li>Oponerse al tratamiento<\/li>\n\n\n\n<li>Solicitar la portabilidad de los datos<\/li>\n<\/ul>\n\n\n\n<p>Los interesados podr\u00e1n&nbsp;<strong>acceder<\/strong>&nbsp;a sus datos personales, as\u00ed como a solicitar la&nbsp;<strong>rectificaci\u00f3n<\/strong>&nbsp;de los datos inexactos o, en su caso, solicitar su&nbsp;<strong>supresi\u00f3n<\/strong>&nbsp;cuando, entre otros motivos, los datos ya no sean necesarios para los fines que fueron recogidos. En determinadas circunstancias, los interesados podr\u00e1n solicitar la&nbsp;<strong>limitaci\u00f3n<\/strong>&nbsp;del tratamiento de sus datos, en cuyo caso \u00fanicamente los conservar\u00e9 para el ejercicio o la defensa de reclamaciones.<br><br>En determinadas circunstancias y por motivos relacionados con su situaci\u00f3n particular, los interesados podr\u00e1n&nbsp;<strong>oponerse<\/strong>&nbsp;al tratamiento de sus datos por parte de TRADE TCG CARDS , en ese momento, TRADE TCG CARDS , dejar\u00e1 de tratar los datos, salvo por motivos leg\u00edtimos imperiosos, o el ejercicio o la defensa de posibles reclamaciones. C\u00f3mo interesado, tienes derecho a recibir los datos personales que te incumban, que nos hayas facilitado y en un formato estructurado, de uso com\u00fan y lectura mec\u00e1nica, y a transmitirlos a otro responsable del tratamiento cuando:<\/p>\n\n\n\n<ul class=\"wp-block-list\">\n<li>El tratamiento est\u00e9 basado en el consentimiento<\/li>\n\n\n\n<li>Los datos hayan sido facilitados por la persona interesada.<\/li>\n\n\n\n<li>El tratamiento se efect\u00fae por medios automatizados.<\/li>\n<\/ul>\n\n\n\n<p>Al ejercer tu derecho a la portabilidad de los datos, tendr\u00e1s derecho a que los datos personales se transmitan directamente de responsable a responsable cuando sea t\u00e9cnicamente posible.<\/p>\n\n\n\n<p><br>Los interesados tambi\u00e9n tendr\u00e1n derecho a la tutela judicial efectiva y a presentar una reclamaci\u00f3n ante la autoridad de control, en este caso, la Agencia Espa\u00f1ola de Protecci\u00f3n de Datos, si consideran que el tratamiento de datos personales que le conciernen infringe el Reglamento.<\/p>\n\n\n\n<p>Para ejercitar estos derechos hemos habilitado un formulario espec\u00edfico en info@tradetcgcards.com<\/p>\n\n\n\n<h2 class=\"wp-block-heading\">\u00bfPor cu\u00e1nto tiempo conservaremos tus datos?<\/h2>\n\n\n\n<p>Los datos tratados se mantendr\u00e1n en tanto no expiren los plazos legales establecidos para la conservaci\u00f3n de datos, si hubiera obligaci\u00f3n legal de mantenimiento, o de no existir ese plazo legal, hasta que el interesado solicite su supresi\u00f3n o revoque el consentimiento otorgado.<\/p>\n\n\n\n<p><strong>Por tanto, los datos personales proporcionados se conservar\u00e1n:<\/strong><\/p>\n\n\n\n<ul class=\"wp-block-list\">\n<li>Mientras se mantenga la relaci\u00f3n mercantil.<\/li>\n\n\n\n<li>Hasta que no se solicite su supresi\u00f3n por el interesado.<\/li>\n\n\n\n<li>Por un per\u00edodo de 2 a\u00f1os, a contar desde tu \u00faltima confirmaci\u00f3n de inter\u00e9s<\/li>\n<\/ul>\n\n\n\n<h2 class=\"wp-block-heading\">\u00bfA qu\u00e9 destinatarios se comunicar\u00e1n tus datos?<\/h2>\n\n\n\n<p>De acuerdo con los usos de la informaci\u00f3n personal, podemos comunicar tu informaci\u00f3n personal a destinatarios que nos ayudan a promocionar o respaldar nuestros servicios o los servicios de nuestros usuarios (&#8220;proveedores de servicios&#8221;).<\/p>\n\n\n\n<p>Todos los proveedores de servicios celebran un contrato con TRADE TCG CARDS, que protege la informaci\u00f3n personal y restringe el uso de cualquier informaci\u00f3n personal conforme a esta pol\u00edtica.<\/p>\n\n\n\n<p>Para prestar servicios estrictamente necesarios para el desarrollo de la actividad, TRADE TCG CARDS, comparte datos con los siguientes prestadores bajo sus correspondientes condiciones de privacidad:<\/p>\n\n\n\n<ul class=\"wp-block-list\">\n<li>Proveedores de servicios externos (por ejemplo, servicios de procesamiento de tarjetas de cr\u00e9dito, procesamiento de pedidos, an\u00e1lisis, gesti\u00f3n campa\u00f1as de marketing, gesti\u00f3n de sitios web, e, distribuci\u00f3n de correo electr\u00f3nico, auditor\u00edas y otros proveedores de servicios similares) a fin de que estos puedan realizar funciones comerciales en nombre de TRADE TCG CARDS.<\/li>\n\n\n\n<li>Distribuidores o vendedores de TRADE TCG CARDS para el seguimiento adicional de los intereses del usuario, socios espec\u00edficos que ofrecen productos y servicios complementarios o con terceros para facilitar publicidad basada en intereses;<\/li>\n\n\n\n<li>Empresas de transporte para el env\u00edo de pedidos: Correos<\/li>\n<\/ul>\n\n\n\n<p><strong>Otras herramientas que nos permiten ofrecer nuestros servicios:<\/strong><\/p>\n\n\n\n<ul class=\"wp-block-list\">\n<li><strong>Nombre de proveedor de Hosting: <\/strong>Raiola<\/li>\n\n\n\n<li><strong>Herramienta de Email marketing: <\/strong>Mailchimp<\/li>\n\n\n\n<li><strong>Herramientas de an\u00e1lisis: <\/strong>Google Analytics<\/li>\n<\/ul>\n\n\n\n<h2 class=\"wp-block-heading\"><a><\/a>Secreto y seguridad de los datos<\/h2>\n\n\n\n<p>TRADE TCG CARDS, se compromete en el uso y tratamiento de los datos incluidos personales de los usuarios, respetando su confidencialidad y a utilizarlos de acuerdo con la finalidad del mismo, as\u00ed como a dar cumplimiento a su obligaci\u00f3n de guardarlos y adaptar todas las medidas para evitar la alteraci\u00f3n, p\u00e9rdida, tratamiento o acceso no autorizado, de conformidad con lo establecido en la normativa vigente de protecci\u00f3n de datos.<\/p>\n\n\n\n<p><br><br>Esta web <strong>incluye un certificado SSL.<\/strong> Se trata de un protocolo de seguridad que hace que tus datos viajen de manera \u00edntegra y segura, es decir, la transmisi\u00f3n de los datos entre un servidor y usuario web, y en retroalimentaci\u00f3n, es totalmente cifrada o encriptada.&nbsp; Tambi\u00e9n incluye medidas Antispam, medidas frente a ataques y phishing.<\/p>\n\n\n\n<p><br>Con respecto a la confidencialidad del procesamiento,&nbsp; TRADE TCG CARDS , se asegurar\u00e1 de que cualquier persona que est\u00e9 autorizada por para procesar los datos del cliente (incluido su personal, colaboradores y prestadores), estar\u00e1 bajo la obligaci\u00f3n apropiada de confidencialidad (ya sea un deber contractual o legal).<br><br>Cuando se presente alg\u00fan incidente de seguridad, al darse cuenta TRADE TCG CARDS , deber\u00e1 notificar al Cliente sin demoras indebidas y deber\u00e1 proporcionar informaci\u00f3n oportuna relacionada con el Incidente de Seguridad tal como se conozca o cuando el Cliente lo solicite razonablemente.<\/p>\n\n\n\n<h2 class=\"wp-block-heading\"><a><\/a>Notificaci\u00f3n de seguridad y declaraci\u00f3n de brechas<\/h2>\n\n\n\n<p>En TRADE TCG CARDS , asumimos medidas razonables y apropiadas para proteger la informaci\u00f3n personal contra p\u00e9rdida, uso indebido y acceso no autorizado, divulgaci\u00f3n, alteraci\u00f3n y destrucci\u00f3n, teniendo en cuenta los riesgos que conlleva el procesamiento y la naturaleza de la informaci\u00f3n personal, no obstante, si TRADE TCG CARDS ,&nbsp; determina que tus datos de servicios han sido malversados \u200b\u200b(incluso por un empleado de TRADE TCG CARDS ) se han visto expuestos por una brecha de seguridad o adquiridos de forma incorrecta por un tercero, TRADE TCG CARDS&nbsp;&nbsp; te informar\u00e1 de inmediato dicha brecha de seguridad,&nbsp; apropiaci\u00f3n o adquisici\u00f3n indebida.<\/p>\n\n\n\n<h2 class=\"wp-block-heading\">Navegaci\u00f3n<\/h2>\n\n\n\n<p>Al navegar por TRADE TCG CARDS.com se pueden recoger datos no identificables, que pueden incluir, direcciones IP, ubicaci\u00f3n geogr\u00e1fica (aproximadamente), un registro de c\u00f3mo se utilizan los servicios y sitios, y otros datos que no pueden ser utilizados para identificar al usuario. Entre los datos no identificativos est\u00e1n tambi\u00e9n los relacionados a tus h\u00e1bitos de navegaci\u00f3n a trav\u00e9s de servicios de terceros.&nbsp;Esta web utiliza los siguientes servicios de an\u00e1lisis de terceros:<\/p>\n\n\n\n<ul class=\"wp-block-list\">\n<li>Analytics,.<\/li>\n\n\n\n<li>Pixel de Facebook<\/li>\n<\/ul>\n\n\n\n<p><br>Utilizamos esta informaci\u00f3n para analizar tendencias, administrar el sitio, rastrear los movimientos de los usuarios alrededor del sitio y para recopilar informaci\u00f3n demogr\u00e1fica sobre nuestra base de usuarios en su conjunto.<\/p>\n\n\n\n<h2 class=\"wp-block-heading\">Exactitud y veracidad de los datos<\/h2>\n\n\n\n<p>Como usuario, eres el \u00fanico responsable de la veracidad y correcci\u00f3n de los datos que remitas a TRADE TCG CARDS, exonerando a TRADE TCG CARDS, de cualquier responsabilidad al respecto.<\/p>\n\n\n\n<p><br>Los usuarios garantizan y responden, en cualquier caso, de la exactitud, vigencia y autenticidad de los datos personales facilitados, y se comprometen a mantenerlos debidamente actualizados. El usuario acepta proporcionar informaci\u00f3n completa y correcta en el formulario de contacto o suscripci\u00f3n.<\/p>\n\n\n\n<h2 class=\"wp-block-heading\">Aceptaci\u00f3n y consentimiento<\/h2>\n\n\n\n<p>El usuario declara haber sido informado de las condiciones sobre protecci\u00f3n de datos de car\u00e1cter personal, aceptando y consintiendo el tratamiento de los mismos por parte de TRADE TCG CARDS, en la forma y para las finalidades indicadas en esta pol\u00edtica de privacidad.<\/p>\n\n\n\n<h2 class=\"wp-block-heading\">Revocabilidad<\/h2>\n\n\n\n<p>El consentimiento prestado, tanto para el tratamiento como para la cesi\u00f3n de los datos de los interesados, es revocable en cualquier momento comunic\u00e1ndolo a TRADE TCG CARDS, en los t\u00e9rminos establecidos en esta Pol\u00edtica para el ejercicio de los derechos ARCO, adem\u00e1s de los nuevos derechos recogidos en el Reglamento Europeo de Protecci\u00f3n de Datos (portabilidad, supresi\u00f3n y limitaci\u00f3n). Esta revocaci\u00f3n en ning\u00fan caso tendr\u00e1 car\u00e1cter retroactivo.<\/p>\n\n\n\n<h2 class=\"wp-block-heading\">Cambios en la pol\u00edtica de privacidad<\/h2>\n\n\n\n<p>TRADE TCG CARDS, se reserva el derecho a modificar la presente pol\u00edtica para adaptarla a novedades legislativas o jurisprudenciales, as\u00ed como a pr\u00e1cticas de la industria. En dichos supuestos, TRADE TCG CARDS, anunciar\u00e1 en esta p\u00e1gina los cambios introducidos con razonable antelaci\u00f3n a su puesta en pr\u00e1ctica.<\/p>\n\n\n\n<h2 class=\"wp-block-heading\"><a><\/a>Dudas y preguntas sobre esta pol\u00edtica<\/h2>\n\n\n\n<p>Si tiene preguntas sobre esta pol\u00edtica o si tiene problemas de privacidad en relaci\u00f3n con el acceso o con la correcci\u00f3n de la informaci\u00f3n personal, puede ponerse en contacto con nosotros a trav\u00e9s de nuestro formulario de consultas o escribirnos a la siguiente direcci\u00f3n:<\/p>\n\n\n\n<p>&nbsp;&nbsp;info@tradetcgcards.com&nbsp; &nbsp;<\/p>\n\n\n\n<p>Aunque la mayor\u00eda de las preguntas y problemas relacionados con el acceso se pueden gestionar de forma r\u00e1pida, las solicitudes complejas pueden necesitar m\u00e1s investigaci\u00f3n y tiempo. En tales casos, los problemas se solucionar\u00e1n o bien se le informar\u00e1 en relaci\u00f3n con la naturaleza del problema y los siguientes pasos apropiados, en un plazo de treinta d\u00edas.<br>Documento revisado en Mayo 2023<\/p>\n\n\n\n<p><\/p>\n","protected":false},"excerpt":{"rendered":"<p>En esta web nos importan nuestros usuarios y clientes y estamos comprometidos con sus derechos y la defensa de su privacidad. Esta pol\u00edtica expresa c\u00f3mo tratamos y protegemos la informaci\u00f3n personal de todas las personas que se relacionan con TRADE TCG CARDS a trav\u00e9s de esta web. De conformidad con lo dispuesto en Reglamento UE [&hellip;]<\/p>\n","protected":false},"author":1,"featured_media":0,"parent":0,"menu_order":0,"comment_status":"closed","ping_status":"open","template":"","meta":{"footnotes":""},"class_list":["post-3","page","type-page","status-publish","hentry"],"_links":{"self":[{"href":"https:\/\/fm.tradetcgcards.com\/index.php\/wp-json\/wp\/v2\/pages\/3","targetHints":{"allow":["GET"]}}],"collection":[{"href":"https:\/\/fm.tradetcgcards.com\/index.php\/wp-json\/wp\/v2\/pages"}],"about":[{"href":"https:\/\/fm.tradetcgcards.com\/index.php\/wp-json\/wp\/v2\/types\/page"}],"author":[{"embeddable":true,"href":"https:\/\/fm.tradetcgcards.com\/index.php\/wp-json\/wp\/v2\/users\/1"}],"replies":[{"embeddable":true,"href":"https:\/\/fm.tradetcgcards.com\/index.php\/wp-json\/wp\/v2\/comments?post=3"}],"version-history":[{"count":2,"href":"https:\/\/fm.tradetcgcards.com\/index.php\/wp-json\/wp\/v2\/pages\/3\/revisions"}],"predecessor-version":[{"id":1255,"href":"https:\/\/fm.tradetcgcards.com\/index.php\/wp-json\/wp\/v2\/pages\/3\/revisions\/1255"}],"wp:attachment":[{"href":"https:\/\/fm.tradetcgcards.com\/index.php\/wp-json\/wp\/v2\/media?parent=3"}],"curies":[{"name":"wp","href":"https:\/\/api.w.org\/{rel}","templated":true}]}}